{"id":900,"date":"2023-02-20T20:21:45","date_gmt":"2023-02-20T20:21:45","guid":{"rendered":"https:\/\/www.dicaes.com\/accesibilidad\/"},"modified":"2023-02-20T20:21:45","modified_gmt":"2023-02-20T20:21:45","slug":"accesibilidad","status":"publish","type":"page","link":"https:\/\/www.dicaes.com\/en\/accesibilidad\/","title":{"rendered":"Declaraci\u00f3n accesibilidad"},"content":{"rendered":"<p>Pol\u00edtica de accesibilidad<\/p>\n<p>La empresa <strong>Disseny i C\u00e0lcul d\u2019Estructures SL <\/strong>se ha comprometido a hacer accesible su sitio web de conformidad con el Real Decreto 1112\/2018, de 7 de septiembre, sobre accesibilidad de los sitios web y aplicaciones para dispositivos m\u00f3viles del sector p\u00fablico, o desarrollos financiados desde Europa.<\/p>\n<p>La presente declaraci\u00f3n de accesibilidad se aplica al sitio web https:\/\/dicaes.com\/ excluyendo los contenidos incrustados provenientes de otros dominios.<\/p>\n<p>Situaci\u00f3n de cumplimiento<\/p>\n<p>Este sitio web es Parcialmente conforme con el RD 1112\/2018 debido a la falta de conformidad de los aspectos que se indican a continuaci\u00f3n.<\/p>\n<p>Contenido no accesible<\/p>\n<p>El contenido que se recoge a continuaci\u00f3n no es accesible por los siguientes motivos:<\/p>\n<p>Falta de conformidad:<br \/>\nPuede existir contenido no textual con alternativa textual inadecuada en algunas p\u00e1ginas \u2013 Requisito n\u00famero 9.1.1.1 Contenido no textual de UNE-EN 301549:2020<br \/>\nPuede haber elementos cuyo contraste no sea el suficiente en algunas p\u00e1ginas \u2013 Requisito 9.1.4.3 Contraste UNE-EN 301549:2020<br \/>\nPueden existir algunos enlaces cuya funci\u00f3n o objetivo no est\u00e9n correctamente definidos \u2013 Requisito n\u00famero 9.2.4.4 Prop\u00f3sito de los enlaces de UNE-EN 301549:2020<br \/>\nPodr\u00edan existir fallos puntuales de edici\u00f3n en alguna p\u00e1gina web.<br \/>\nCarga desproporcionada: No resulta aplicable.<br \/>\nEl contenido no entra dentro del \u00e1mbito de la legislaci\u00f3n aplicable.<\/p>\n<p>Podr\u00edan existir archivos ofim\u00e1ticos en PDF u otros formatos publicados antes del 20 de septiembre de 2018 que no cumplan en su totalidad todos los requisitos de accesibilidad.<br \/>\nPuede haber contenidos de terceros que no est\u00e9n desarrollados en esta Unidad, ni bajo su control, como archivos ofim\u00e1ticos de diferentes organismos que deban publicarse en este sitio.<\/p>\n","protected":false},"excerpt":{"rendered":"<p>Pol\u00edtica de accesibilidad La empresa Disseny i C\u00e0lcul d\u2019Estructures SL se ha comprometido a hacer accesible su sitio web de conformidad con el Real Decreto 1112\/2018, de 7 de septiembre,&#8230;<\/p>\n","protected":false},"author":1,"featured_media":0,"parent":0,"menu_order":0,"comment_status":"closed","ping_status":"closed","template":"","meta":{"footnotes":""},"class_list":["post-900","page","type-page","status-publish"],"aioseo_notices":[],"_links":{"self":[{"href":"https:\/\/www.dicaes.com\/en\/wp-json\/wp\/v2\/pages\/900","targetHints":{"allow":["GET"]}}],"collection":[{"href":"https:\/\/www.dicaes.com\/en\/wp-json\/wp\/v2\/pages"}],"about":[{"href":"https:\/\/www.dicaes.com\/en\/wp-json\/wp\/v2\/types\/page"}],"author":[{"embeddable":true,"href":"https:\/\/www.dicaes.com\/en\/wp-json\/wp\/v2\/users\/1"}],"replies":[{"embeddable":true,"href":"https:\/\/www.dicaes.com\/en\/wp-json\/wp\/v2\/comments?post=900"}],"version-history":[{"count":0,"href":"https:\/\/www.dicaes.com\/en\/wp-json\/wp\/v2\/pages\/900\/revisions"}],"wp:attachment":[{"href":"https:\/\/www.dicaes.com\/en\/wp-json\/wp\/v2\/media?parent=900"}],"curies":[{"name":"wp","href":"https:\/\/api.w.org\/{rel}","templated":true}]}}